{"id":3,"date":"2025-12-12T09:47:38","date_gmt":"2025-12-12T09:47:38","guid":{"rendered":"http:\/\/gtransportgroup.com\/?page_id=3"},"modified":"2025-12-12T20:06:17","modified_gmt":"2025-12-12T20:06:17","slug":"privacy-policy","status":"publish","type":"page","link":"https:\/\/gtransportgroup.com\/index.php\/privacy-policy\/","title":{"rendered":"Polityka prywatno\u015bci"},"content":{"rendered":"<style>.kb-row-layout-id3_b319dd-cf > .kt-row-column-wrap{align-content:start;}:where(.kb-row-layout-id3_b319dd-cf > .kt-row-column-wrap) > .wp-block-kadence-column{justify-content:start;}.kb-row-layout-id3_b319dd-cf > .kt-row-column-wrap{column-gap:var(--global-kb-gap-md, 2rem);row-gap:var(--global-kb-gap-md, 2rem);max-width:var( --global-content-width, 1290px );padding-left:var(--global-content-edge-padding);padding-right:var(--global-content-edge-padding);padding-top:var(--global-kb-spacing-lg, 3rem);padding-bottom:var(--global-kb-spacing-sm, 1.5rem);grid-template-columns:minmax(0, 1fr);}.kb-row-layout-id3_b319dd-cf > .kt-row-layout-overlay{opacity:0.30;}@media all and (max-width: 1024px){.kb-row-layout-id3_b319dd-cf > .kt-row-column-wrap{grid-template-columns:minmax(0, 1fr);}}@media all and (max-width: 767px){.kb-row-layout-id3_b319dd-cf > .kt-row-column-wrap{grid-template-columns:minmax(0, 1fr);}}<\/style><div class=\"kb-row-layout-wrap kb-row-layout-id3_b319dd-cf alignnone wp-block-kadence-rowlayout\"><div class=\"kt-row-column-wrap kt-has-1-columns kt-row-layout-equal kt-tab-layout-inherit kt-mobile-layout-row kt-row-valign-top kb-theme-content-width\">\n<style>.kadence-column3_c1744f-5e > .kt-inside-inner-col,.kadence-column3_c1744f-5e > .kt-inside-inner-col:before{border-top-left-radius:0px;border-top-right-radius:0px;border-bottom-right-radius:0px;border-bottom-left-radius:0px;}.kadence-column3_c1744f-5e > .kt-inside-inner-col{column-gap:var(--global-kb-gap-sm, 1rem);}.kadence-column3_c1744f-5e > .kt-inside-inner-col{flex-direction:column;}.kadence-column3_c1744f-5e > .kt-inside-inner-col > .aligncenter{width:100%;}.kadence-column3_c1744f-5e > .kt-inside-inner-col:before{opacity:0.3;}.kadence-column3_c1744f-5e{position:relative;}@media all and (max-width: 1024px){.kadence-column3_c1744f-5e > .kt-inside-inner-col{flex-direction:column;justify-content:center;}}@media all and (max-width: 767px){.kadence-column3_c1744f-5e > .kt-inside-inner-col{flex-direction:column;justify-content:center;}}<\/style>\n<div class=\"wp-block-kadence-column kadence-column3_c1744f-5e\"><div class=\"kt-inside-inner-col\">\n\n        <h2>1. Informacje og\u00f3lne<\/h2>\n        <ol>\n          <li>Niniejsza polityka dotyczy Serwisu www, funkcjonuj\u0105cego pod adresem url: <b>https:\/\/gtransportgroup.com<\/b><\/li>\n          <li>\n            Operatorem serwisu oraz Administratorem danych osobowych jest: G-TRANSPORT GROUP SP\u00d3\u0141KA Z OGRANICZON\u0104 ODPOWIEDZIALNO\u015aCI\u0104 UL. OSIEDLE S\u0141ONECZNE 62, 32-353 TRZYCI\u0104\u017b \n             \n              6372233293 \n                      <\/li>\n\n                      <li>Adres kontaktowy poczty elektronicznej operatora: administrator@gtransportgroup.com<\/li>\n          \n          <li>\n            Operator jest Administratorem Twoich danych osobowych w odniesieniu do danych podanych dobrowolnie w\n            Serwisie.\n                      <\/li><li>Serwis wykorzystuje dane osobowe w nast\u0119puj\u0105cych celach:<\/li>\n       \n          <ul>\n                          <li>Prezentacja oferty lub informacji<\/li>\n                      <\/ul>\n                       <li>\n            Serwis realizuje funkcje pozyskiwania informacji o u\u017cytkownikach i ich zachowaniu w nast\u0119puj\u0105cy spos\u00f3b:\n            <ol>\n              <li>\n                Poprzez dobrowolnie wprowadzone w formularzach dane, kt\u00f3re zostaj\u0105 wprowadzone do system\u00f3w Operatora.\n              <\/li>\n              <li>Poprzez zapisywanie w urz\u0105dzeniach ko\u0144cowych plik\u00f3w cookie (tzw. \u201eciasteczka&#8221;).<\/li>\n            <\/ol>\n          <\/li>\n        <\/ol>\n        <h2>2. Wybrane metody ochrony danych stosowane przez Operatora<\/h2>\n        <ol>\n                    <li>Miejsca logowania i wprowadzania danych osobowych s\u0105 chronione w warstwie\ntransmisji (certyfikat SSL). Dzi\u0119ki temu dane osobowe i dane logowania, wprowadzone na stronie, zostaj\u0105 zaszyfrowane w\nkomputerze u\u017cytkownika i mog\u0105 by\u0107 odczytane jedynie na docelowym serwerze.<\/li>\n           \n\n           \n\n           \n\n           \n\n           \n\n           \n\n                    <li>Istotnym elementem ochrony danych jest regularna aktualizacja wszelkiego oprogramowania, wykorzystywanego\nprzez Operatora do przetwarzania danych osobowych, co w szczeg\u00f3lno\u015bci oznacza regularne aktualizacje komponent\u00f3w\nprogramistycznych.<\/li>\n           \n\n                    <li>W celu ochrony danych Operator regularnie wykonuje kopie bezpiecze\u0144stwa.<\/li>\n                  <\/ol>\n        <h2>3. Hosting<\/h2>\n        <ol>\n          \n          <li>Serwis jest hostowany (technicznie utrzymywany) na serwerze operatora: cyberFolks.pl<\/li>\n          \n           \n          \n          \n          <li>\n            Firma hostingowa w celu zapewnienia niezawodno\u015bci technicznej prowadzi logi na poziomie serwera. Zapisowi\n            mog\u0105 podlega\u0107:\n            <ul>\n              <li>zasoby okre\u015blone identyfikatorem URL (adresy \u017c\u0105danych zasob\u00f3w \u2013 stron, plik\u00f3w),<\/li>\n              <li>czas nadej\u015bcia zapytania,<\/li>\n              <li>czas wys\u0142ania odpowiedzi,<\/li>\n              <li>nazw\u0119 stacji klienta \u2013 identyfikacja realizowana przez protok\u00f3\u0142 HTTP,<\/li>\n              <li>informacje o b\u0142\u0119dach jakie nast\u0105pi\u0142y przy realizacji transakcji HTTP,<\/li>\n              <li>\n                adres URL strony poprzednio odwiedzanej przez u\u017cytkownika (referer link) \u2013 w przypadku gdy przej\u015bcie do\n                Serwisu nast\u0105pi\u0142o przez odno\u015bnik,\n              <\/li>\n              <li>informacje o przegl\u0105darce u\u017cytkownika,<\/li>\n              <li>informacje o adresie IP,<\/li>\n              <li>\n                informacje diagnostyczne zwi\u0105zane z procesem samodzielnego zamawiania us\u0142ug poprzez rejestratory na\n                stronie,\n              <\/li>\n              <li>\n                informacje zwi\u0105zane z obs\u0142ug\u0105 poczty elektronicznej kierowanej do Operatora oraz wysy\u0142anej przez\n                Operatora.\n              <\/li>\n            <\/ul>\n          <\/li>\n        <\/ol>\n        <h2>4. Twoje prawa i dodatkowe informacje o sposobie wykorzystania danych<\/h2>\n        <ol>\n           \n          \n                    <li>\n            W niekt\u00f3rych sytuacjach Administrator ma prawo przekazywa\u0107 Twoje dane osobowe innym odbiorcom, je\u015bli b\u0119dzie\n            to niezb\u0119dne do wykonania zawartej z Tob\u0105 umowy lub do zrealizowania obowi\u0105zk\u00f3w ci\u0105\u017c\u0105cych na\n            Administratorze. Dotyczy to takich grup odbiorc\u00f3w:\n            <ul>\n                              <li>firmy, \u015bwiadcz\u0105ce us\u0142ugi marketingu na rzecz Administratora<\/li>\n                          <\/ul>\n          <\/li>\n          \n          <li>\n            Twoje dane osobowe przetwarzane przez Administratora nie d\u0142u\u017cej, ni\u017c jest to konieczne do wykonania\n            zwi\u0105zanych z nimi czynno\u015bci okre\u015blonych osobnymi przepisami (np. o prowadzeniu rachunkowo\u015bci). W odniesieniu\n            do danych marketingowych dane nie b\u0119d\u0105 przetwarzane d\u0142u\u017cej ni\u017c przez 3 lata.\n          <\/li>\n          <li>\n            Przys\u0142uguje Ci prawo \u017c\u0105dania od Administratora:\n            <ul>\n              <li>dost\u0119pu do danych osobowych Ciebie dotycz\u0105cych,<\/li>\n              <li>ich sprostowania,<\/li>\n              <li>usuni\u0119cia,<\/li>\n              <li>ograniczenia przetwarzania,<\/li>\n              <li>oraz przenoszenia danych.<\/li>\n            <\/ul>\n          <\/li>\n          <li>\n            Przys\u0142uguje Ci prawo do z\u0142o\u017cenia sprzeciwu w zakresie przetwarzania wskazanego w pkt 3.3 c) wobec\n            przetwarzania danych osobowych w celu wykonania prawnie uzasadnionych interes\u00f3w realizowanych przez\n            Administratora, w tym profilowania, przy czym prawo sprzeciwu nie b\u0119dzie mog\u0142o by\u0107 wykonane w przypadku\n            istnienia wa\u017cnych prawnie uzasadnionych podstaw do przetwarzania, nadrz\u0119dnych wobec Ciebie interes\u00f3w, praw i\n            wolno\u015bci, w szczeg\u00f3lno\u015bci ustalenia, dochodzenia lub obrony roszcze\u0144.\n          <\/li>\n          <li>\n            Na dzia\u0142ania Administratora przys\u0142uguje skarga do Prezesa Urz\u0119du Ochrony Danych Osobowych, ul. Stawki 2,\n            00-193 Warszawa.\n          <\/li>\n          <li>Podanie danych osobowych jest dobrowolne, lecz niezb\u0119dne do obs\u0142ugi Serwisu.<\/li>\n          <li>\n            W stosunku do Ciebie mog\u0105 by\u0107 podejmowane czynno\u015bci polegaj\u0105ce na zautomatyzowanym podejmowaniu decyzji, w\n            tym profilowaniu w celu \u015bwiadczenia us\u0142ug w ramach zawartej umowy oraz w celu prowadzenia przez\n            Administratora marketingu bezpo\u015bredniego.\n          <\/li>\n\n                    <li>\n            Dane osobowe s\u0105 przekazywane od kraj\u00f3w trzecich w rozumieniu przepis\u00f3w o ochronie danych osobowych. Oznacza\n            to, \u017ce przesy\u0142amy je poza teren Unii Europejskiej.\n          <\/li>\n\n                  <\/ol>\n        <h2>5. Informacje w formularzach<\/h2>\n        <ol>\n          <li>\n            Serwis zbiera informacje podane dobrowolnie przez u\u017cytkownika, w tym dane osobowe, o ile zostan\u0105 one podane.\n          <\/li>\n          <li>Serwis mo\u017ce zapisa\u0107 informacje o parametrach po\u0142\u0105czenia (oznaczenie czasu, adres IP).<\/li>\n          <li>\n            Serwis, w niekt\u00f3rych wypadkach, mo\u017ce zapisa\u0107 informacj\u0119 u\u0142atwiaj\u0105c\u0105 powi\u0105zanie danych w formularzu z adresem\n            e-mail u\u017cytkownika wype\u0142niaj\u0105cego formularz. W takim wypadku adres e-mail u\u017cytkownika pojawia si\u0119 wewn\u0105trz\n            adresu url strony zawieraj\u0105cej formularz.\n          <\/li>\n          <li>\n            Dane podane w formularzu s\u0105 przetwarzane w celu wynikaj\u0105cym z funkcji konkretnego formularza, np. w celu\n            dokonania procesu obs\u0142ugi zg\u0142oszenia serwisowego lub kontaktu handlowego, rejestracji us\u0142ug itp. Ka\u017cdorazowo\n            kontekst i opis formularza w czytelny spos\u00f3b informuje, do czego on s\u0142u\u017cy.\n          <\/li>\n        <\/ol>\n        <h2>6. Logi Administratora<\/h2>\n        <ol>\n          <li>\n            Informacje zachowaniu u\u017cytkownik\u00f3w w serwisie mog\u0105 podlega\u0107 logowaniu. Dane te s\u0105 wykorzystywane w celu\n            administrowania serwisem.\n          <\/li>\n        <\/ol>\n        <h2>7. Istotne techniki marketingowe<\/h2>\n        <ol>\n                    <li>Operator stosuje analiz\u0119\nstatystyczn\u0105 ruchu na stronie, poprzez Google Analytics (Google Inc. z siedzib\u0105 w USA). Operator nie przekazuje do\noperatora tej us\u0142ugi danych osobowych, a jedynie zanonimizowane informacje. Us\u0142uga bazuje na wykorzystaniu ciasteczek w\nurz\u0105dzeniu ko\u0144cowym u\u017cytkownika. W zakresie informacji o preferencjach u\u017cytkownika gromadzonych przez sie\u0107 reklamow\u0105\nGoogle u\u017cytkownik mo\u017ce przegl\u0105da\u0107 i edytowa\u0107 informacje wynikaj\u0105ce z plik\u00f3w cookies przy pomocy narz\u0119dzia:\nhttps:\/\/www.google.com\/ads\/preferences\/<\/li>\n           \n\n           \n\n           \n\n          \n           \n          \n                  <\/ol>\n        <h2>8. Informacja o plikach cookies<\/h2>\n        <ol>\n          <li>Serwis korzysta z plik\u00f3w cookies.<\/li>\n          <li>\n            Pliki cookies (tzw. \u201eciasteczka&#8221;) stanowi\u0105 dane informatyczne, w szczeg\u00f3lno\u015bci pliki tekstowe, kt\u00f3re\n            przechowywane s\u0105 w urz\u0105dzeniu ko\u0144cowym U\u017cytkownika Serwisu i przeznaczone s\u0105 do korzystania ze stron\n            internetowych Serwisu. Cookies zazwyczaj zawieraj\u0105 nazw\u0119 strony internetowej, z kt\u00f3rej pochodz\u0105, czas\n            przechowywania ich na urz\u0105dzeniu ko\u0144cowym oraz unikalny numer.\n          <\/li>\n          <li>\n            Podmiotem zamieszczaj\u0105cym na urz\u0105dzeniu ko\u0144cowym U\u017cytkownika Serwisu pliki cookies oraz uzyskuj\u0105cym do nich\n            dost\u0119p jest operator Serwisu.\n          <\/li>\n          <li>\n            Pliki cookies wykorzystywane s\u0105 w nast\u0119puj\u0105cych celach:\n            <ol>\n              <li>\n                utrzymanie sesji u\u017cytkownika Serwisu (po zalogowaniu), dzi\u0119ki kt\u00f3rej u\u017cytkownik nie musi na ka\u017cdej\n                podstronie Serwisu ponownie wpisywa\u0107 loginu i has\u0142a;\n              <\/li>\n              <li>realizacji cel\u00f3w okre\u015blonych powy\u017cej w cz\u0119\u015bci &#8222;Istotne techniki marketingowe&#8221;;<\/li>\n            <\/ol>\n          <\/li>\n          <li>\n            W ramach Serwisu stosowane s\u0105 dwa zasadnicze rodzaje plik\u00f3w cookies: \u201esesyjne&#8221; (session cookies) oraz\n            \u201esta\u0142e&#8221; (persistent cookies). Cookies \u201esesyjne&#8221; s\u0105 plikami tymczasowymi, kt\u00f3re przechowywane s\u0105 w urz\u0105dzeniu\n            ko\u0144cowym U\u017cytkownika do czasu wylogowania, opuszczenia strony internetowej lub wy\u0142\u0105czenia oprogramowania\n            (przegl\u0105darki internetowej). \u201eSta\u0142e&#8221; pliki cookies przechowywane s\u0105 w urz\u0105dzeniu ko\u0144cowym U\u017cytkownika przez\n            czas okre\u015blony w parametrach plik\u00f3w cookies lub do czasu ich usuni\u0119cia przez U\u017cytkownika.\n          <\/li>\n          <li>\n            Oprogramowanie do przegl\u0105dania stron internetowych (przegl\u0105darka internetowa) zazwyczaj domy\u015blnie dopuszcza\n            przechowywanie plik\u00f3w cookies w urz\u0105dzeniu ko\u0144cowym U\u017cytkownika. U\u017cytkownicy Serwisu mog\u0105 dokona\u0107 zmiany\n            ustawie\u0144 w tym zakresie. Przegl\u0105darka internetowa umo\u017cliwia usuni\u0119cie plik\u00f3w cookies. Mo\u017cliwe jest tak\u017ce\n            automatyczne blokowanie plik\u00f3w cookies Szczeg\u00f3\u0142owe informacje na ten temat zawiera pomoc lub dokumentacja\n            przegl\u0105darki internetowej.\n          <\/li>\n          <li>\n            Ograniczenia stosowania plik\u00f3w cookies mog\u0105 wp\u0142yn\u0105\u0107 na niekt\u00f3re funkcjonalno\u015bci dost\u0119pne na stronach\n            internetowych Serwisu.\n          <\/li>\n          <li>\n            Pliki cookies zamieszczane w urz\u0105dzeniu ko\u0144cowym U\u017cytkownika Serwisu wykorzystywane mog\u0105 by\u0107 r\u00f3wnie\u017c przez\n            wsp\u00f3\u0142pracuj\u0105ce z operatorem Serwisu podmioty, w szczeg\u00f3lno\u015bci dotyczy to firm: Google (Google Inc. z\n            siedzib\u0105 w USA), Facebook (Facebook Inc. z siedzib\u0105 w USA), Twitter (Twitter Inc. z siedzib\u0105 w USA).\n          <\/li>\n        <\/ol>\n        <h2>9. Zarz\u0105dzanie plikami cookies \u2013 jak w praktyce wyra\u017ca\u0107 i cofa\u0107 zgod\u0119?<\/h2>\n        <ol>\n          <li>\n            Je\u015bli u\u017cytkownik nie chce otrzymywa\u0107 plik\u00f3w cookies, mo\u017ce zmieni\u0107 ustawienia przegl\u0105darki. Zastrzegamy, \u017ce\n            wy\u0142\u0105czenie obs\u0142ugi plik\u00f3w cookies niezb\u0119dnych dla proces\u00f3w uwierzytelniania, bezpiecze\u0144stwa, utrzymania\n            preferencji u\u017cytkownika mo\u017ce utrudni\u0107, a w skrajnych przypadkach mo\u017ce uniemo\u017cliwi\u0107 korzystanie ze stron www\n          <\/li>\n          <li>\n            W celu zarz\u0105dzania ustawienia cookies wybierz z listy poni\u017cej przegl\u0105dark\u0119 internetow\u0105, kt\u00f3rej u\u017cywasz i\n            post\u0119puj zgodnie z instrukcjami:\n            <ul>\n              <li>\n                <a href=\"https:\/\/support.microsoft.com\/pl-pl\/help\/10607\/microsoft-edge-view-delete-browser-history\">Edge<\/a>\n              <\/li>\n              <li>\n                <a href=\"https:\/\/support.microsoft.com\/pl-pl\/help\/278835\/how-to-delete-cookie-files-in-internet-explorer\">Internet Explorer<\/a>\n              <\/li>\n              <li><a href=\"http:\/\/support.google.com\/chrome\/bin\/answer.py?hl=pl&amp;answer=95647\">Chrome<\/a><\/li>\n              <li><a href=\"http:\/\/support.apple.com\/kb\/PH5042\">Safari<\/a><\/li>\n              <li>\n                <a href=\"http:\/\/support.mozilla.org\/pl\/kb\/W%C5%82%C4%85czanie%20i%20wy%C5%82%C4%85czanie%20obs%C5%82ugi%20ciasteczek\">Firefox<\/a>\n              <\/li>\n              <li><a href=\"http:\/\/help.opera.com\/Windows\/12.10\/pl\/cookies.html\">Opera<\/a><\/li>\n            <\/ul>\n            <p>Urz\u0105dzenia mobilne:<\/p>\n            <ul>\n              <li><a href=\"http:\/\/support.google.com\/chrome\/bin\/answer.py?hl=pl&amp;answer=95647\">Android<\/a><\/li>\n              <li><a href=\"http:\/\/support.apple.com\/kb\/HT1677?viewlocale=pl_PL\">Safari (iOS)<\/a><\/li>\n              <li>\n                <a href=\"http:\/\/www.windowsphone.com\/pl-pl\/how-to\/wp7\/web\/changing-privacy-and-other-browser-settings\">Windows Phone<\/a>\n              <\/li>\n            <\/ul>\n          <\/li>\n        <\/ol>\n        <div>\n          <p>\n            Niniejszy wz\u00f3r polityki zosta\u0142 wygenerowany bezp\u0142atnie, w celach informacyjnych, w oparciu o nasz\u0105 wiedz\u0119,\n            bran\u017cowe praktyki i przepisy prawa obowi\u0105zuj\u0105ce na dzie\u0144 2018-08-14. Zalecamy sprawdzenie wzoru polityki\n            przed u\u017cyciem jej na stronie. Wz\u00f3r opiera si\u0119 na najcz\u0119\u015bciej wyst\u0119puj\u0105cych na stronach internetowych\n            sytuacjach, ale mo\u017ce nie odzwierciedla\u0107 pe\u0142nej i dok\u0142adnej specyfiki Twojej strony www. Przeczytaj uwa\u017cnie\n            wygenerowany dokument i w razie potrzeb dostosuj go do Twojej sytuacji lub zasi\u0119gnij porady prawnej. Nie\n            bierzemy odpowiedzialno\u015bci za skutki pos\u0142ugiwania si\u0119 tym dokumentem, poniewa\u017c tylko Ty masz wp\u0142yw na to,\n            czy wszystkie informacje w nim zawarte s\u0105 zgodne z prawd\u0105. Zwr\u00f3\u0107 tak\u017ce uwag\u0119, \u017ce Polityka Prywatno\u015bci, nawet\n            najlepsza, jest tylko jednym z element\u00f3w Twojej troski o dane osobowe i prywatno\u015b\u0107 u\u017cytkownika na stronie\n            www.\n          <\/p>\n        <\/div>\n      \n<\/div><\/div>\n\n<\/div><\/div>\n\n\n<p><\/p>\n","protected":false},"excerpt":{"rendered":"<p>1. Informacje og\u00f3lne Niniejsza polityka dotyczy Serwisu www, funkcjonuj\u0105cego pod adresem url: https:\/\/gtransportgroup.com Operatorem serwisu oraz Administratorem danych osobowych jest: G-TRANSPORT GROUP SP\u00d3\u0141KA Z OGRANICZON\u0104 ODPOWIEDZIALNO\u015aCI\u0104 UL. OSIEDLE S\u0141ONECZNE 62, 32-353 TRZYCI\u0104\u017b 6372233293 Adres kontaktowy poczty elektronicznej operatora: administrator@gtransportgroup.com Operator jest Administratorem Twoich danych osobowych w odniesieniu do danych podanych dobrowolnie w Serwisie. Serwis wykorzystuje&#8230;<\/p>\n","protected":false},"author":1,"featured_media":0,"parent":0,"menu_order":0,"comment_status":"closed","ping_status":"open","template":"","meta":{"_kad_blocks_custom_css":"","_kad_blocks_head_custom_js":"","_kad_blocks_body_custom_js":"","_kad_blocks_footer_custom_js":"","_kad_post_transparent":"","_kad_post_title":"","_kad_post_layout":"","_kad_post_sidebar_id":"","_kad_post_content_style":"","_kad_post_vertical_padding":"","_kad_post_feature":"","_kad_post_feature_position":"","_kad_post_header":false,"_kad_post_footer":false,"_kad_post_classname":"","footnotes":""},"class_list":["post-3","page","type-page","status-publish","hentry"],"taxonomy_info":[],"featured_image_src_large":false,"author_info":{"display_name":"gtranskadmin1","author_link":"https:\/\/gtransportgroup.com\/index.php\/author\/gtranskadmin1\/"},"comment_info":0,"_links":{"self":[{"href":"https:\/\/gtransportgroup.com\/index.php\/wp-json\/wp\/v2\/pages\/3","targetHints":{"allow":["GET"]}}],"collection":[{"href":"https:\/\/gtransportgroup.com\/index.php\/wp-json\/wp\/v2\/pages"}],"about":[{"href":"https:\/\/gtransportgroup.com\/index.php\/wp-json\/wp\/v2\/types\/page"}],"author":[{"embeddable":true,"href":"https:\/\/gtransportgroup.com\/index.php\/wp-json\/wp\/v2\/users\/1"}],"replies":[{"embeddable":true,"href":"https:\/\/gtransportgroup.com\/index.php\/wp-json\/wp\/v2\/comments?post=3"}],"version-history":[{"count":2,"href":"https:\/\/gtransportgroup.com\/index.php\/wp-json\/wp\/v2\/pages\/3\/revisions"}],"predecessor-version":[{"id":1579,"href":"https:\/\/gtransportgroup.com\/index.php\/wp-json\/wp\/v2\/pages\/3\/revisions\/1579"}],"wp:attachment":[{"href":"https:\/\/gtransportgroup.com\/index.php\/wp-json\/wp\/v2\/media?parent=3"}],"curies":[{"name":"wp","href":"https:\/\/api.w.org\/{rel}","templated":true}]}}